{"id":28,"date":"2023-10-15T22:06:29","date_gmt":"2023-10-15T22:06:29","guid":{"rendered":"https:\/\/biserica-vejle.dk\/?page_id=28"},"modified":"2023-11-07T20:31:22","modified_gmt":"2023-11-07T20:31:22","slug":"istoric","status":"publish","type":"page","link":"https:\/\/biserica-vejle.dk\/index.php\/despre\/istoric\/","title":{"rendered":"Istoric"},"content":{"rendered":"\n<figure class=\"wp-block-image size-full is-resized\"><img loading=\"lazy\" decoding=\"async\" width=\"720\" height=\"960\" src=\"https:\/\/biserica-vejle.dk\/wp-content\/uploads\/2023\/10\/catapeteasma-1.jpg\" alt=\"\" class=\"wp-image-86\" style=\"aspect-ratio:0.75;width:840px;height:auto\" srcset=\"https:\/\/biserica-vejle.dk\/wp-content\/uploads\/2023\/10\/catapeteasma-1.jpg 720w, https:\/\/biserica-vejle.dk\/wp-content\/uploads\/2023\/10\/catapeteasma-1-225x300.jpg 225w\" sizes=\"auto, (max-width: 720px) 100vw, 720px\" \/><\/figure>\n\n\n\n<p>Bucuria \u00eentemeierii unei noi parohii rom\u00e2ne\u0219ti la Kolding-Vejle a fost \u00eent\u0103rit\u0103 s\u00e2mb\u0103t\u0103, pe 22 octombrie 2016, de slujirea Sfintei Liturghii de c\u0103tre Preasfin\u021bitul P\u0103rinte Macarie, Episcopul Ortodox Rom\u00e2n al Europei de Nord, \u00eenconjurat de fra\u021bii preo\u021bi \u0219i diaconi. <\/p>\n\n\n\n<figure class=\"wp-block-image size-full\"><img loading=\"lazy\" decoding=\"async\" width=\"1024\" height=\"686\" src=\"https:\/\/biserica-vejle.dk\/wp-content\/uploads\/2023\/10\/Kolding-1.jpg\" alt=\"\" class=\"wp-image-87\" srcset=\"https:\/\/biserica-vejle.dk\/wp-content\/uploads\/2023\/10\/Kolding-1.jpg 1024w, https:\/\/biserica-vejle.dk\/wp-content\/uploads\/2023\/10\/Kolding-1-300x201.jpg 300w, https:\/\/biserica-vejle.dk\/wp-content\/uploads\/2023\/10\/Kolding-1-768x515.jpg 768w\" sizes=\"auto, (max-width: 1024px) 100vw, 1024px\" \/><\/figure>\n\n\n\n<p>Cu acest prilej, Preasfin\u021bitul Macarie a \u00eencurajat misiunea \u0219colii parohiale \u0219i a centrului pentru tineret\u00a0<em>Sf\u00e2ntul Voievod \u0218tefan cel Mare<\/em>. <\/p>\n\n\n\n<figure class=\"wp-block-image size-full\"><img loading=\"lazy\" decoding=\"async\" width=\"1024\" height=\"686\" src=\"https:\/\/biserica-vejle.dk\/wp-content\/uploads\/2023\/10\/Kolding-3.jpg\" alt=\"\" class=\"wp-image-88\" srcset=\"https:\/\/biserica-vejle.dk\/wp-content\/uploads\/2023\/10\/Kolding-3.jpg 1024w, https:\/\/biserica-vejle.dk\/wp-content\/uploads\/2023\/10\/Kolding-3-300x201.jpg 300w, https:\/\/biserica-vejle.dk\/wp-content\/uploads\/2023\/10\/Kolding-3-768x515.jpg 768w\" sizes=\"auto, (max-width: 1024px) 100vw, 1024px\" \/><\/figure>\n\n\n\n<p>Totodat\u0103, au fost sfin\u021bite \u0219i noile icoane \u00eemp\u0103r\u0103te\u0219ti \u0219i icoana\u00a0 pictat\u0103 a Sfin\u021bilor Ocrotitori ai parohiei din Kolding-Vejle: Sf\u00e2ntul Ierarh Nifon al Constan\u021bianei \u0219i Sfin\u021bii Cuvio\u0219i Macarie cel Mare \u0219i Macarie Alexandrinul.<\/p>\n\n\n\n<figure class=\"wp-block-image size-full\"><img loading=\"lazy\" decoding=\"async\" width=\"1024\" height=\"686\" src=\"https:\/\/biserica-vejle.dk\/wp-content\/uploads\/2023\/10\/Kolding-4.jpg\" alt=\"\" class=\"wp-image-89\" srcset=\"https:\/\/biserica-vejle.dk\/wp-content\/uploads\/2023\/10\/Kolding-4.jpg 1024w, https:\/\/biserica-vejle.dk\/wp-content\/uploads\/2023\/10\/Kolding-4-300x201.jpg 300w, https:\/\/biserica-vejle.dk\/wp-content\/uploads\/2023\/10\/Kolding-4-768x515.jpg 768w\" sizes=\"auto, (max-width: 1024px) 100vw, 1024px\" \/><\/figure>\n","protected":false},"excerpt":{"rendered":"<p>Bucuria \u00eentemeierii unei noi parohii rom\u00e2ne\u0219ti la Kolding-Vejle a fost \u00eent\u0103rit\u0103 s\u00e2mb\u0103t\u0103, pe 22 octombrie 2016, de slujirea Sfintei Liturghii de c\u0103tre Preasfin\u021bitul P\u0103rinte Macarie, Episcopul Ortodox Rom\u00e2n al Europei [&hellip;]<\/p>\n","protected":false},"author":2,"featured_media":87,"parent":226,"menu_order":1,"comment_status":"closed","ping_status":"closed","template":"","meta":{"footnotes":""},"class_list":["post-28","page","type-page","status-publish","has-post-thumbnail","hentry"],"_links":{"self":[{"href":"https:\/\/biserica-vejle.dk\/index.php\/wp-json\/wp\/v2\/pages\/28","targetHints":{"allow":["GET"]}}],"collection":[{"href":"https:\/\/biserica-vejle.dk\/index.php\/wp-json\/wp\/v2\/pages"}],"about":[{"href":"https:\/\/biserica-vejle.dk\/index.php\/wp-json\/wp\/v2\/types\/page"}],"author":[{"embeddable":true,"href":"https:\/\/biserica-vejle.dk\/index.php\/wp-json\/wp\/v2\/users\/2"}],"replies":[{"embeddable":true,"href":"https:\/\/biserica-vejle.dk\/index.php\/wp-json\/wp\/v2\/comments?post=28"}],"version-history":[{"count":3,"href":"https:\/\/biserica-vejle.dk\/index.php\/wp-json\/wp\/v2\/pages\/28\/revisions"}],"predecessor-version":[{"id":90,"href":"https:\/\/biserica-vejle.dk\/index.php\/wp-json\/wp\/v2\/pages\/28\/revisions\/90"}],"up":[{"embeddable":true,"href":"https:\/\/biserica-vejle.dk\/index.php\/wp-json\/wp\/v2\/pages\/226"}],"wp:featuredmedia":[{"embeddable":true,"href":"https:\/\/biserica-vejle.dk\/index.php\/wp-json\/wp\/v2\/media\/87"}],"wp:attachment":[{"href":"https:\/\/biserica-vejle.dk\/index.php\/wp-json\/wp\/v2\/media?parent=28"}],"curies":[{"name":"wp","href":"https:\/\/api.w.org\/{rel}","templated":true}]}}