{"id":202,"date":"2023-11-07T15:56:13","date_gmt":"2023-11-07T15:56:13","guid":{"rendered":"https:\/\/biserica-vejle.dk\/?page_id=202"},"modified":"2023-11-07T16:07:34","modified_gmt":"2023-11-07T16:07:34","slug":"trofeul-sfantului-voievod-martir-constantin-brancoveanu-2023","status":"publish","type":"page","link":"https:\/\/biserica-vejle.dk\/index.php\/noutati\/trofeul-sfantului-voievod-martir-constantin-brancoveanu-2023\/","title":{"rendered":"TROFEUL SF\u00c2NTULUI VOIEVOD MARTIR CONSTANTIN BR\u00c2NCOVEANU 2023"},"content":{"rendered":"\n<figure class=\"wp-block-embed is-type-video is-provider-youtube wp-block-embed-youtube wp-embed-aspect-16-9 wp-has-aspect-ratio\"><div class=\"wp-block-embed__wrapper\">\n<iframe loading=\"lazy\" title=\"Manifest\u0103ri duhovnice\u0219ti \u0219i filantropice \u00een cinstea ocrotitorului Episcopiei  Europei de Nord\" width=\"780\" height=\"439\" src=\"https:\/\/www.youtube.com\/embed\/hjsaB9Koi_4?feature=oembed\" frameborder=\"0\" allow=\"accelerometer; autoplay; clipboard-write; encrypted-media; gyroscope; picture-in-picture; web-share\" allowfullscreen><\/iframe>\n<\/div><\/figure>\n\n\n\n<p>Mul\u021bumiri din ad\u00e2ncul inimii noastre!<\/p>\n\n\n\n<p>Dorim s\u0103 adres\u0103m cu recuno\u0219tin\u021b\u0103 \u0219i dragoste mul\u021bumiri c\u0103lduroase tuturor celor care au f\u0103cut parte din acest eveniment <a><\/a>special.<\/p>\n\n\n\n<hr class=\"wp-block-separator has-alpha-channel-opacity\"\/>\n\n\n\n<p>Mul\u021bumim:<\/p>\n\n\n\n<p><img loading=\"lazy\" decoding=\"async\" height=\"16\" width=\"16\" alt=\"\ud83d\udd35\" src=\"https:\/\/static.xx.fbcdn.net\/images\/emoji.php\/v9\/tef\/1\/16\/1f535.png\"> Preasfin\u021bitului P\u0103rinte Episcop Macarie, Episcopul Europei de Nord,<\/p>\n\n\n\n<p><img loading=\"lazy\" decoding=\"async\" height=\"16\" width=\"16\" alt=\"\ud83d\udd35\" src=\"https:\/\/static.xx.fbcdn.net\/images\/emoji.php\/v9\/tef\/1\/16\/1f535.png\"> P\u0103rintelui Emil Nedelea Caramizaru de la <a href=\"https:\/\/www.facebook.com\/groups\/1065971380143443\/user\/100067466329609\/?__cft__[0]=AZXQQUnzNUvUZm8Loh0eVQPvAtKFkMYlUH8fa2JgUEotq_Y4HDw5CvkMkXneMIUbNOFe6T5sO89Hqu8QONEVlqPuux-WbRy68p5Q-BeQ9-alYEu5ulYugRtfHdA5p-3wfIMqUj1-AO7seEMyY07-NgIv4b5HZJScb7SqnhMO-7OBHInTZ--NIeH8D3ajl8OjNrdbBkmKCR5mNTXOXVPMTKkn&amp;__tn__=-]K-y-R\">Biserica Sfantul Gheorghe Nou, Bucuresti Kilometrul Zero.<\/a><\/p>\n\n\n\n<p><img loading=\"lazy\" decoding=\"async\" height=\"16\" width=\"16\" src=\"https:\/\/static.xx.fbcdn.net\/images\/emoji.php\/v9\/tef\/1\/16\/1f535.png\" alt=\"\ud83d\udd35\"> P\u0103rintelui Alexandru Carbunescu, Parohia Hamburg-Harburg,<\/p>\n\n\n\n<p><img loading=\"lazy\" decoding=\"async\" height=\"16\" width=\"16\" alt=\"\ud83d\udd35\" src=\"https:\/\/static.xx.fbcdn.net\/images\/emoji.php\/v9\/tef\/1\/16\/1f535.png\"> Domnului Marius Nicolae, managerul sportiv de la Vejle Boldklub, \u0219i so\u021bia sa, Roxana Nicolae, pentru ini\u021biativa \u0219i sprijinul adus acestui eveniment,<\/p>\n\n\n\n<p><img loading=\"lazy\" decoding=\"async\" height=\"16\" width=\"16\" alt=\"\ud83d\udd35\" src=\"https:\/\/static.xx.fbcdn.net\/images\/emoji.php\/v9\/tef\/1\/16\/1f535.png\"> Domnului Ambasador Anton Niculescu,<\/p>\n\n\n\n<p><img loading=\"lazy\" decoding=\"async\" height=\"16\" width=\"16\" alt=\"\ud83d\udd35\" src=\"https:\/\/static.xx.fbcdn.net\/images\/emoji.php\/v9\/tef\/1\/16\/1f535.png\"> Tuturor preo\u021bilor care au slujit cu inim\u0103 deschis\u0103 al\u0103turi de noi \u00een aceste zile,<\/p>\n\n\n\n<p><img loading=\"lazy\" decoding=\"async\" height=\"16\" width=\"16\" alt=\"\ud83d\udd35\" src=\"https:\/\/static.xx.fbcdn.net\/images\/emoji.php\/v9\/tef\/1\/16\/1f535.png\"> Membrilor Centrul de Tineret \u201eSf\u00e2ntul Voievod \u0218tefan cel Mare\u201d (CTSM) al Episcopiei Ortodoxe Rom\u00e2ne a Europei de Nord care au participat la mini-turneul de fotabal.<\/p>\n\n\n\n<p>Mul\u021bumim de asemenea:<\/p>\n\n\n\n<p><img loading=\"lazy\" decoding=\"async\" height=\"16\" width=\"16\" alt=\"\ud83d\udfe0\" src=\"https:\/\/static.xx.fbcdn.net\/images\/emoji.php\/v9\/tfa\/1\/16\/1f7e0.png\"> Sponsorilor acestui evenimnet fara de care el nu putea fi fost posibil,<\/p>\n\n\n\n<p><img loading=\"lazy\" decoding=\"async\" height=\"16\" width=\"16\" alt=\"\ud83d\udfe0\" src=\"https:\/\/static.xx.fbcdn.net\/images\/emoji.php\/v9\/tfa\/1\/16\/1f7e0.png\"> Voluntarilor cu inimile pline de generozitate care au dedicat timp \u0219i efort pentru preg\u0103tirea evenimentului,<\/p>\n\n\n\n<p><img loading=\"lazy\" decoding=\"async\" height=\"16\" width=\"16\" src=\"https:\/\/static.xx.fbcdn.net\/images\/emoji.php\/v9\/tfa\/1\/16\/1f7e0.png\" alt=\"\ud83d\udfe0\"> Nu \u00een ultimul r\u00e2nd, mul\u021bumiri tuturor invita\u021bilor \u0219i participan\u021bilor care au fost al\u0103turi de noi \u00een aceste momente cu semnifica\u021bie special\u0103.<\/p>\n\n\n\n<p>Sper\u0103m c\u0103 fondurile str\u00e2nse la evenimentul nostru pentru construirea Centrului de \u00cengrijiri Paliative Pediatrice &#8222;Sf\u00e2ntul Hristofor&#8221; din S\u00e2nnicoar\u0103, jud. Cluj, vor mai alina durerea familiilor care se lupt\u0103 cu aceste boli cumplite.<\/p>\n\n\n\n<p>Cu dragoste \u0219i recuno\u0219tin\u021b\u0103, Parohia Ortodox\u0103 Vejle-Kolding&#8221;<\/p>\n\n\n\n<hr class=\"wp-block-separator has-alpha-channel-opacity\"\/>\n\n\n\n<blockquote class=\"wp-block-quote is-layout-flow wp-block-quote-is-layout-flow\">\n<p class=\"has-text-align-right has-small-font-size\">Preotul Pr. Marcel Coisin, Marius Nicolae si \u00eentreaga echipa de organizare va mul\u021bumesc pentru prezenta la prima edi\u021bie a turneului caritabil Sf. Constantin Br\u00e2ncoveanu! De asemenea, dorim sa va mul\u021bumim pentru generozitatea dvs. de a dona pentru cauza acestui eveniment, la care au participat peste 500 de romani! Speram ca v-ati sim\u021bit bine, ca bucatele preg\u0103tite cu dragoste \u0219i truda v-au pl\u0103cut \u0219i ca impreuna cu ceilal\u021bi romani din comunitate a\u021bi petrecut o zi de neuitat. Pentru noi a fost o placere \u0219i o onoare sa va g\u0103zduim, iar acest moment deosebit \u00eel vom p\u0103stra mereu \u00een inima noastr\u0103. Multumim, de asemenea, tuturor preotilor din parohiile dvs care au coordonat si promovat prezenta dvs la eveniment! Mul\u021bumiri tuturor voluntarilor si doamnelor care au preparat m\u00e2ncarea \u0219i care ne-au servit! Va dorim multa s\u0103n\u0103tate dvs, familiilor dvs \u0219i sa ne vedem \u00een num\u0103r c\u00e2t mai mare la Biserica \u0219i la evenimentele viitoare! <\/p>\n\n\n\n<p class=\"has-text-align-right has-small-font-size\">Doamne-ajuta!<\/p>\n<\/blockquote>\n","protected":false},"excerpt":{"rendered":"<p>Mul\u021bumiri din ad\u00e2ncul inimii noastre! Dorim s\u0103 adres\u0103m cu recuno\u0219tin\u021b\u0103 \u0219i dragoste mul\u021bumiri c\u0103lduroase tuturor celor care au f\u0103cut parte din acest eveniment special. Mul\u021bumim: Preasfin\u021bitului P\u0103rinte Episcop Macarie, Episcopul [&hellip;]<\/p>\n","protected":false},"author":2,"featured_media":165,"parent":91,"menu_order":0,"comment_status":"closed","ping_status":"closed","template":"","meta":{"footnotes":""},"class_list":["post-202","page","type-page","status-publish","has-post-thumbnail","hentry"],"_links":{"self":[{"href":"https:\/\/biserica-vejle.dk\/index.php\/wp-json\/wp\/v2\/pages\/202","targetHints":{"allow":["GET"]}}],"collection":[{"href":"https:\/\/biserica-vejle.dk\/index.php\/wp-json\/wp\/v2\/pages"}],"about":[{"href":"https:\/\/biserica-vejle.dk\/index.php\/wp-json\/wp\/v2\/types\/page"}],"author":[{"embeddable":true,"href":"https:\/\/biserica-vejle.dk\/index.php\/wp-json\/wp\/v2\/users\/2"}],"replies":[{"embeddable":true,"href":"https:\/\/biserica-vejle.dk\/index.php\/wp-json\/wp\/v2\/comments?post=202"}],"version-history":[{"count":5,"href":"https:\/\/biserica-vejle.dk\/index.php\/wp-json\/wp\/v2\/pages\/202\/revisions"}],"predecessor-version":[{"id":211,"href":"https:\/\/biserica-vejle.dk\/index.php\/wp-json\/wp\/v2\/pages\/202\/revisions\/211"}],"up":[{"embeddable":true,"href":"https:\/\/biserica-vejle.dk\/index.php\/wp-json\/wp\/v2\/pages\/91"}],"wp:featuredmedia":[{"embeddable":true,"href":"https:\/\/biserica-vejle.dk\/index.php\/wp-json\/wp\/v2\/media\/165"}],"wp:attachment":[{"href":"https:\/\/biserica-vejle.dk\/index.php\/wp-json\/wp\/v2\/media?parent=202"}],"curies":[{"name":"wp","href":"https:\/\/api.w.org\/{rel}","templated":true}]}}