{"id":153,"date":"2023-11-01T14:49:08","date_gmt":"2023-11-01T14:49:08","guid":{"rendered":"https:\/\/biserica-vejle.dk\/?page_id=153"},"modified":"2023-11-07T15:56:50","modified_gmt":"2023-11-07T15:56:50","slug":"trofeul-sfantului-voievod-martir-constantin-brancoveanu","status":"publish","type":"page","link":"https:\/\/biserica-vejle.dk\/index.php\/noutati\/trofeul-sfantului-voievod-martir-constantin-brancoveanu\/","title":{"rendered":"Trofeul Sf\u00e2ntului Voievod Martir Constantin Br\u00e2ncoveanu (VIDEO)"},"content":{"rendered":"\n<figure class=\"wp-block-video\"><video height=\"2160\" style=\"aspect-ratio: 3840 \/ 2160;\" width=\"3840\" controls src=\"https:\/\/biserica-vejle.dk\/wp-content\/uploads\/2023\/11\/Trofeul-SF-Constantin-Brancoveanu.mp4\"><\/video><\/figure>\n\n\n\n<p><img loading=\"lazy\" decoding=\"async\" height=\"16\" width=\"16\" alt=\"\ud83d\udfe0\" src=\"https:\/\/static.xx.fbcdn.net\/images\/emoji.php\/v9\/tfa\/1\/16\/1f7e0.png\"><a><\/a>Pe 3 noiembrie, v\u0103 invit\u0103m cu drag s\u0103 participa\u021bi \u00een biserica Parohiei Ortodoxe Rom\u00e2ne din Vejle-Kolding, unde se va desf\u0103\u0219ura o experien\u021b\u0103 unic\u0103: Sfintele Moa\u0219te ale Sf\u00e2ntului Voievod Martir Constantin Br\u00e2ncoveanu vor fi aduse pentru \u00eenchinare, iar momentul va fi \u00een\u0103l\u021bat de Taina Sf\u00e2ntului Maslu, sus\u021binut\u0103 de Preasfin\u021bitul P\u0103rinte Episcop Macarie, \u00eenso\u021bit de soborul de preo\u021bi \u0219i diaconi.<\/p>\n\n\n\n<p><img loading=\"lazy\" decoding=\"async\" height=\"16\" width=\"16\" alt=\"\ud83d\udfe0\" src=\"https:\/\/static.xx.fbcdn.net\/images\/emoji.php\/v9\/tfa\/1\/16\/1f7e0.png\"> A doua zi, pe 4 noiembrie, \u00eencep\u00e2nd cu ora 9 diminea\u021ba, la biseric\u0103 se va s\u0103v\u00e2r\u0219i Sf\u00e2nta Liturghie Arhiereasc\u0103.<\/p>\n\n\n\n<p><img loading=\"lazy\" decoding=\"async\" height=\"16\" width=\"16\" alt=\"\ud83d\udfe0\" src=\"https:\/\/static.xx.fbcdn.net\/images\/emoji.php\/v9\/tfa\/1\/16\/1f7e0.png\"> Ulterior, \u00eencep\u00e2nd cu ora 12:00 v\u0103 invit\u0103m s\u0103 lua\u021bi parte la un meci special de fotbal <img loading=\"lazy\" decoding=\"async\" height=\"16\" width=\"16\" alt=\"\u26bd\" src=\"https:\/\/static.xx.fbcdn.net\/images\/emoji.php\/v9\/taf\/1\/16\/26bd.png\"> organizat \u00een scopuri caritabile.<\/p>\n\n\n\n<p><img loading=\"lazy\" decoding=\"async\" height=\"16\" width=\"16\" alt=\"\ud83d\udfe0\" src=\"https:\/\/static.xx.fbcdn.net\/images\/emoji.php\/v9\/tfa\/1\/16\/1f7e0.png\"> Echipe din \u00eentregul Regatul Danemarcei \u0219i din Hamburg, Germania, se vor \u00eentrece \u00eentr-un minunat turneu sportiv. Scopul evenimentului este unul nobil &#8211; s\u0103 sprijinim construirea Centrului de \u00cengrijiri Paliative Pediatrice &#8222;Sf\u00e2ntul Hristofor&#8221; din S\u00e2nnicoar\u0103, jud. Cluj.<\/p>\n\n\n\n<p><img loading=\"lazy\" decoding=\"async\" height=\"16\" width=\"16\" alt=\"\ud83d\udfe0\" src=\"https:\/\/static.xx.fbcdn.net\/images\/emoji.php\/v9\/tfa\/1\/16\/1f7e0.png\"> \u00cencheiem ziua cu o agap\u0103 cre\u0219tin\u0103 \u00een care vom petrece un timp binecuv\u00e2ntat \u00eempeun\u0103.<\/p>\n\n\n\n<p>V\u0103 a\u0219tept\u0103m pe to\u021bi cu mult drag!<\/p>\n\n\n\n<p>Mai multe detalii despre eveniment pe: <a href=\"https:\/\/l.facebook.com\/l.php?u=https%3A%2F%2Ftsfcbracoveanu.ro%2F%3Ffbclid%3DIwAR2zn6Yy19Oi1R2vREADtUyfrhgdWxVkmG_s9Qw4eAZcniCI5WapcAbIZMk&amp;h=AT2lRUdpdOYE-CIhO7qSXhLT04GQ0RYTnulL6dHnoxU5wTHcSGsPj-OX20L91leHwwhY8PU0iBCHOdXJhLO2A8xKLoYKCKY-uzvbn8ZnJflJ4gHwCUnxXCj2oGHfQZxKW7Aoc6Ah4bdDAeaWHD8M&amp;__tn__=-UK-R&amp;c[0]=AT1CrWi66kfbHV7ND-MvJhO7AmHJ1r4B1oV9O0JIdtIi6HFjvn6RT7kFGDVAQ309eMW0PH3K9xetr94uXFNb_WmrtmdeSOdoDIbxphOAZfXBCwWfxfa481ioDPMBpr8USdeXXDUSKVGxSampEwO8pmRXUXSrT3YZzuQQ9m6_KLgS4Utw2XH2u7dYAm0wuVpJlufhXeMqDQcG\" rel=\"noreferrer noopener\" target=\"_blank\">https:\/\/tsfcbracoveanu.ro\/<\/a><\/p>\n\n\n\n<figure class=\"wp-block-image size-full is-resized\"><img loading=\"lazy\" decoding=\"async\" width=\"720\" height=\"1018\" src=\"https:\/\/biserica-vejle.dk\/wp-content\/uploads\/2023\/10\/WhatsApp-Image-2023-09-16-at-16.11.10.jpeg\" alt=\"\" class=\"wp-image-74\" style=\"aspect-ratio:0.7072691552062869;width:840px;height:auto\" srcset=\"https:\/\/biserica-vejle.dk\/wp-content\/uploads\/2023\/10\/WhatsApp-Image-2023-09-16-at-16.11.10.jpeg 720w, https:\/\/biserica-vejle.dk\/wp-content\/uploads\/2023\/10\/WhatsApp-Image-2023-09-16-at-16.11.10-212x300.jpeg 212w\" sizes=\"auto, (max-width: 720px) 100vw, 720px\" \/><\/figure>\n","protected":false},"excerpt":{"rendered":"<p>Pe 3 noiembrie, v\u0103 invit\u0103m cu drag s\u0103 participa\u021bi \u00een biserica Parohiei Ortodoxe Rom\u00e2ne din Vejle-Kolding, unde se va desf\u0103\u0219ura o experien\u021b\u0103 unic\u0103: Sfintele Moa\u0219te ale Sf\u00e2ntului Voievod Martir Constantin [&hellip;]<\/p>\n","protected":false},"author":2,"featured_media":155,"parent":91,"menu_order":0,"comment_status":"closed","ping_status":"closed","template":"","meta":{"footnotes":""},"class_list":["post-153","page","type-page","status-publish","has-post-thumbnail","hentry"],"_links":{"self":[{"href":"https:\/\/biserica-vejle.dk\/index.php\/wp-json\/wp\/v2\/pages\/153","targetHints":{"allow":["GET"]}}],"collection":[{"href":"https:\/\/biserica-vejle.dk\/index.php\/wp-json\/wp\/v2\/pages"}],"about":[{"href":"https:\/\/biserica-vejle.dk\/index.php\/wp-json\/wp\/v2\/types\/page"}],"author":[{"embeddable":true,"href":"https:\/\/biserica-vejle.dk\/index.php\/wp-json\/wp\/v2\/users\/2"}],"replies":[{"embeddable":true,"href":"https:\/\/biserica-vejle.dk\/index.php\/wp-json\/wp\/v2\/comments?post=153"}],"version-history":[{"count":4,"href":"https:\/\/biserica-vejle.dk\/index.php\/wp-json\/wp\/v2\/pages\/153\/revisions"}],"predecessor-version":[{"id":163,"href":"https:\/\/biserica-vejle.dk\/index.php\/wp-json\/wp\/v2\/pages\/153\/revisions\/163"}],"up":[{"embeddable":true,"href":"https:\/\/biserica-vejle.dk\/index.php\/wp-json\/wp\/v2\/pages\/91"}],"wp:featuredmedia":[{"embeddable":true,"href":"https:\/\/biserica-vejle.dk\/index.php\/wp-json\/wp\/v2\/media\/155"}],"wp:attachment":[{"href":"https:\/\/biserica-vejle.dk\/index.php\/wp-json\/wp\/v2\/media?parent=153"}],"curies":[{"name":"wp","href":"https:\/\/api.w.org\/{rel}","templated":true}]}}